{"id":3040488,"date":"2025-04-25T12:22:55","date_gmt":"2025-04-25T12:22:55","guid":{"rendered":"https:\/\/myfoam.pl\/?page_id=3040488"},"modified":"2025-05-19T09:19:38","modified_gmt":"2025-05-19T09:19:38","slug":"polityka-prywatnosci","status":"publish","type":"page","link":"https:\/\/myfoam.pl\/en\/polityka-prywatnosci\/","title":{"rendered":"Polityka prywatno\u015bci"},"content":{"rendered":"<div data-elementor-type=\"wp-page\" data-elementor-id=\"3040488\" class=\"elementor elementor-3040488\">\n\t\t\t\t<div class=\"elementor-element elementor-element-482da1a3 e-flex e-con-boxed e-con e-parent\" data-id=\"482da1a3\" data-element_type=\"container\">\n\t\t\t\t\t<div class=\"e-con-inner\">\n\t\t\t\t<div class=\"elementor-element elementor-element-69e4e94e elementor-widget elementor-widget-text-editor\" data-id=\"69e4e94e\" data-element_type=\"widget\" data-widget_type=\"text-editor.default\">\n\t\t\t\t<div class=\"elementor-widget-container\">\n\t\t\t\t\t\t\t\t\t<p>POLITYKA PRYWATNO\u015aCI<br \/>STRONY INTERNETOWEJ<br \/>(WWW.MYFOAM.PL)<br \/>I\/ Dla W\u0142a\u015bciciela niniejszej strony internetowej, ochrona danych osobowych<br \/>U\u017cytkownik\u00f3w jest spraw\u0105 najwy\u017cszej wagi. Dok\u0142ada on ogrom stara\u0144, aby<br \/>U\u017cytkownicy czuli si\u0119 bezpiecznie, powierzaj\u0105c swoje dane osobowe w trakcie<br \/>korzystania ze strony internetowej.<br \/>II\/ Przetwarzane s\u0105 dane osobowe U\u017cytkownik\u00f3w tylko w zakresie niezb\u0119dnym<br \/>do zapewnienia funkcjonalnej strony internetowej i us\u0142ug. Dane osobowe<br \/>U\u017cytkownik\u00f3w s\u0105 przetwarzane wy\u0142\u0105cznie za ich zgod\u0105. Wyj\u0105tkiem s\u0105<br \/>przypadki, w kt\u00f3rych nie mo\u017cna uzyska\u0107 uprzedniej zgody z przyczyn<br \/>faktycznych i w kt\u00f3rych przetwarzanie danych jest dozwolone przez prawo.<br \/>III\/ U\u017cytkownik to osoba fizyczna, osoba prawna albo jednostka organizacyjna,<br \/>nieposiadaj\u0105ca osobowo\u015bci prawnej, kt\u00f3rej ustawa przyznaje zdolno\u015b\u0107 prawn\u0105,<br \/>korzystaj\u0105ca z us\u0142ug elektronicznych, dost\u0119pnych w ramach strony<br \/>internetowej.<br \/>IV\/ Niniejsza polityka prywatno\u015bci wyja\u015bnia zasady i zakres przetwarzania<br \/>danych osobowych U\u017cytkownika, przys\u0142uguj\u0105ce mu prawa, jak te\u017c obowi\u0105zki<br \/>administratora tych danych, a tak\u017ce informuje o u\u017cywaniu plik\u00f3w cookies.<br \/>V\/ Administrator stosuje najnowocze\u015bniejsze \u015brodki techniczne i rozwi\u0105zania<br \/>organizacyjne, zapewniaj\u0105ce wysoki poziom ochrony przetwarzanych danych<br \/>osobowych oraz zabezpieczenia przed dost\u0119pem os\u00f3b nieupowa\u017cnionych.<br \/>I. ADMINISTRATOR DANYCH OSOBOWYCH<br \/>Administratorem danych osobowych jest MONU Tymon G\u0142owacz z siedzib\u0105 w\/przy:<br \/>PPS 13, 63-600 K\u0119pno, wpisany do rejestru przedsi\u0119biorc\u00f3w prowadzonego przez<br \/>S\u0105d Rejonowy w: k\u0119pno, Wydzia\u0142 Gospodarczy, pod numerem KRS: ________, NIP:<br \/>619-197-78-54 (zwany dalej: \u201eW\u0142a\u015bciciel&#8221;).<br \/>II. CEL PRZETWARZANIA DANYCH OSOBOWYCH<br \/>1. Administrator przetwarza dane osobowe U\u017cytkownika w celu:<br \/>1\/6<br \/>w celu prawid\u0142owego przetworzenia zam\u00f3wie\u0144 dokonanych za po\u015brednictwem<br \/>sklepy internetowego www.myfoam.pl<br \/>2. Powy\u017csze oznacza, \u017ce przetwarzane dane osobowe U\u017cytkownika s\u0105 potrzebne<br \/>w szczeg\u00f3lno\u015bci do:<br \/>a) zarejestrowania si\u0119 na stronie internetowej;<br \/>b) zawarcia umowy;<br \/>c) dokonania rozlicze\u0144;<br \/>d) dostarczenia zam\u00f3wionego przez U\u017cytkownika towaru lub wykonanie us\u0142ug;<br \/>e) korzystania przez U\u017cytkownika z wszelkich uprawnie\u0144 konsumenckich (np.<br \/>odst\u0105pienie od umowy, r\u0119kojmia).<br \/>f) przyjmowanie zam\u00f3wien, rozpatrzenie reklamacji, realizowanie p\u0142atno\u015bci<br \/>3. U\u017cytkownik mo\u017ce r\u00f3wnie\u017c wyrazi\u0107 zgod\u0119 na otrzymywanie informacji<br \/>o nowo\u015bciach i promocjach, co spowoduje, \u017ce administrator b\u0119dzie r\u00f3wnie\u017c<br \/>przetwarza\u0107 dane osobowe, w celu przesy\u0142ania U\u017cytkownikowi informacji<br \/>handlowych, dotycz\u0105cych m.in. nowych produkt\u00f3w lub us\u0142ug, promocji czy<br \/>wyprzeda\u017cy.<br \/>4. Dane osobowe s\u0105 r\u00f3wnie\u017c przetwarzane w ramach wype\u0142nienia prawnych<br \/>obowi\u0105zk\u00f3w, ci\u0105\u017c\u0105cych na administratorze danych oraz realizacji zada\u0144,<br \/>w interesie publicznym m.in. do wykonywania zada\u0144, zwi\u0105zanych<br \/>z bezpiecze\u0144stwem i obronno\u015bci\u0105 lub przechowywaniem dokumentacji podatkowej.<br \/>5. Dane osobowe mog\u0105 by\u0107 r\u00f3wnie\u017c przetwarzane w celach marketingu<br \/>bezpo\u015bredniego produkt\u00f3w, zabezpieczenia i dochodzenia roszcze\u0144 lub ochrony<br \/>przed roszczeniami U\u017cytkownika lub osoby trzeciej, jak r\u00f3wnie\u017c marketingu us\u0142ug<br \/>i produkt\u00f3w podmiot\u00f3w trzecich lub marketingu w\u0142asnego, nieb\u0119d\u0105cego<br \/>marketingiem bezpo\u015brednim.<br \/>III. RODZAJ DANYCH<br \/>1. Przy ka\u017cdym wej\u015bciu na nasz\u0105 stron\u0119 internetow\u0105, pobierane s\u0105 automatycznie<br \/>dane i informacje z systemu komputera, wchodz\u0105cego na stron\u0119, w szczeg\u00f3lno\u015bci<br \/>dotycz\u0105ce:<br \/>a) rodzaju i wersji u\u017cywanej przegl\u0105darki;<br \/>2\/6<br \/>b) systemu operacyjnego U\u017cytkownika;<br \/>c) dostawcy us\u0142ug internetowych U\u017cytkownika;<br \/>d) adresu IP U\u017cytkownika;<br \/>e) daty i godziny wej\u015bcia przez U\u017cytkownika na stron\u0119 internetow\u0105;<br \/>f) stron internetowych, z kt\u00f3rych system U\u017cytkownika wchodzi na stron\u0119<br \/>internetow\u0105: WWW.MYFOAM.PL;<br \/>g) stron internetowych, do kt\u00f3rych system U\u017cytkownika uzyskuje dost\u0119p za<br \/>po\u015brednictwem strony internetowej: WWW.MYFOAM.PL;<br \/>h) plik\u00f3w dziennika, zawieraj\u0105cych adresy IP lub inne dane, kt\u00f3re umo\u017cliwiaj\u0105<br \/>przypisanie ich do U\u017cytkownika (je\u015bli zosta\u0142y podane na innej stronie<br \/>internetowej, przez kt\u00f3r\u0105 U\u017cytkownik wszed\u0142 na stron\u0119 internetow\u0105:<br \/>WWW.MYFOAM.PL). Dane te s\u0105 zapisywane w plikach log\u00f3w systemu i nie s\u0105<br \/>przechowywane razem z innymi danymi osobowymi U\u017cytkownika.<br \/>2. Administrator przetwarza nast\u0119puj\u0105ce dane osobowe U\u017cytkownika, kt\u00f3rych<br \/>podanie jest niezb\u0119dne do:<br \/>a) zarejestrowania si\u0119 na stronie internetowej:- imi\u0119 i nazwisko;- adres e-mail.<br \/>b) dokonywania zakup\u00f3w za pomoc\u0105 strony internetowej:- imi\u0119 i nazwisko;- p\u0142e\u0107;- adres dostawy;- numer telefonu;- adres e-mail.<br \/>c) dokonywania zakup\u00f3w przez konsument\u00f3w za pomoc\u0105 strony internetowej:- imi\u0119 i nazwisko;- p\u0142e\u0107;- adres dostawy;- numer telefonu;- adres e-mail.<br \/>3. W przypadku odst\u0105pienia od umowy b\u0105d\u017a uznania reklamacji, gdy zwrot<br \/>nale\u017cno\u015bci nast\u0119puje bezpo\u015brednio na rachunek bankowy U\u017cytkownika, w celu<br \/>3\/6<br \/>dokonania zwrotu nale\u017cno\u015bci przetwarzamy r\u00f3wnie\u017c informacje, dotycz\u0105ce numeru<br \/>rachunku bankowego.<br \/>4. Administrator przetwarza r\u00f3wnie\u017c opcjonalne dane, podawane przez<br \/>U\u017cytkownika:- data urodzenia;- numer PESEL (w przypadku \u017c\u0105dania wystawienia faktury);- numer NIP (w przypadku \u017c\u0105dania wystawienia faktury dla przedsi\u0119biorcy).<br \/>IV. PODSTAWA PRAWNA PRZETWARZANIA DANYCH OSOBOWYCH<br \/>1. Dane osobowe s\u0105 przetwarzane zgodnie z przepisami Rozporz\u0105dzenia<br \/>Parlamentu Europejskiego i Rady (UE) 2016\/679 z dnia 27 kwietnia 2016 r.<br \/>w sprawie ochrony os\u00f3b fizycznych w zwi\u0105zku z przetwarzaniem danych<br \/>osobowych i w sprawie swobodnego przep\u0142ywu takich danych oraz uchylenia<br \/>dyrektywy 95\/46\/WE (og\u00f3lne rozporz\u0105dzenie o ochronie danych), Dz.Urz.UE L 119,<br \/>4.5.2016, str. 1\u201388, dalej zwane: \u201erozporz\u0105dzenie RODO&#8221;.<br \/>2. Administrator przetwarza dane osobowe wy\u0142\u0105cznie po uprzednim uzyskaniu<br \/>zgody U\u017cytkownika, wyra\u017conej w chwili rejestracji na stronie internetowej lub w<br \/>chwili potwierdzenia dokonanej na stronie internetowej transakcji.<br \/>3. Wyra\u017cenie zgody na przetwarzanie danych osobowych jest ca\u0142kowicie<br \/>dobrowolne, jednak\u017ce brak jej udzielenia uniemo\u017cliwia zarejestrowanie si\u0119 na<br \/>stronie internetowej oraz dokonywanie zakup\u00f3w, za po\u015brednictwem strony<br \/>internetowej.<br \/>V. PRAWA PRZYS\u0141UGUJ\u0104CE U\u017bYTKOWNIKOWI<br \/>1. U\u017cytkownik mo\u017ce w ka\u017cdej chwili za\u017c\u0105da\u0107 od administratora informacji<br \/>o zakresie przetwarzania danych osobowych.<br \/>2. U\u017cytkownik mo\u017ce w ka\u017cdej chwili za\u017c\u0105da\u0107 poprawienia b\u0105d\u017a sprostowania<br \/>swoich danych osobowych. U\u017cytkownik mo\u017ce to r\u00f3wnie\u017c zrobi\u0107 samodzielnie, po<br \/>zalogowaniu si\u0119 na swoje konto.<br \/>3. U\u017cytkownik mo\u017ce w ka\u017cdej chwili wycofa\u0107 swoj\u0105 zgod\u0119 na przetwarzanie jego<br \/>danych osobowych, bez podawania przyczyny. \u017b\u0105danie nieprzetwarzania danych<br \/>mo\u017ce dotyczy\u0107 wskazanego przez U\u017cytkownika konkretnego celu przetwarzania np.<br \/>4\/6<br \/>wycofanie zgody na otrzymywanie informacji handlowych b\u0105d\u017a dotyczy\u0107<br \/>wszystkich cel\u00f3w przetwarzania danych. Wycofanie zgody co do wszystkich cel\u00f3w<br \/>przetwarzania spowoduje, \u017ce konto U\u017cytkownika zostanie usuni\u0119te ze strony<br \/>internetowej, wraz ze wszystkimi wcze\u015bniej przetwarzanymi przez administratora<br \/>danymi osobowymi U\u017cytkownika. Wycofanie zgody nie wp\u0142ynie na ju\u017c dokonane<br \/>czynno\u015bci.<br \/>4. U\u017cytkownik mo\u017ce w ka\u017cdej chwili \u017c\u0105da\u0107, bez podawania przyczyny, aby<br \/>administrator usun\u0105\u0142 Jego dane. \u017b\u0105danie usuni\u0119cia danych nie wp\u0142ynie na<br \/>dotychczas dokonane czynno\u015bci. Usuni\u0119cie danych oznacza jednoczesne usuni\u0119cie<br \/>konta U\u017cytkownika, wraz ze wszystkimi zapisanymi i przetwarzanymi do tej pory<br \/>przez administratora danymi osobowymi.<br \/>5. U\u017cytkownik mo\u017ce w ka\u017cdej chwili wyrazi\u0107 sprzeciw przeciwko przetwarzaniu<br \/>danych osobowych, zar\u00f3wno w zakresie wszystkich przetwarzanych przez<br \/>administratora danych osobowych U\u017cytkownika, jak r\u00f3wnie\u017c jedynie<br \/>w ograniczonym zakresie np. co do przetwarzania danych w konkretnie wskazanym<br \/>celu. Sprzeciw nie wp\u0142ynie na dotychczas dokonane czynno\u015bci. Wniesienie<br \/>sprzeciwu spowoduje usuni\u0119cie konta U\u017cytkownika, wraz ze wszystkimi zapisanymi<br \/>i przetwarzanymi do tej pory, przez administratora, danymi osobowymi.<br \/>6. U\u017cytkownik mo\u017ce za\u017c\u0105da\u0107 ograniczenia przetwarzania danych osobowych, czy<br \/>to przez okre\u015blony czas, czy te\u017c bez ograniczenia czasowego, ale w okre\u015blonym<br \/>zakresie, co administrator b\u0119dzie obowi\u0105zany spe\u0142ni\u0107. \u017b\u0105danie to nie wp\u0142ynie na<br \/>dotychczas dokonane czynno\u015bci.<br \/>7. U\u017cytkownik mo\u017ce za\u017c\u0105da\u0107, aby administrator przekaza\u0142 innemu podmiotowi,<br \/>przetwarzane dane osobowe U\u017cytkownika. Powinien w tym celu napisa\u0107 pro\u015bb\u0119 do<br \/>administratora, wskazuj\u0105c, jakiemu podmiotowi (nazwa, adres) nale\u017cy przekaza\u0107<br \/>dane osobowe U\u017cytkownika oraz jakie konkretnie dane U\u017cytkownik \u017cyczy sobie,<br \/>\u017ceby administrator przekaza\u0142. Po potwierdzeniu przez U\u017cytkownika swojego<br \/>\u017cyczenia, administrator przeka\u017ce, w formie elektronicznej, wskazanemu<br \/>podmiotowi, dane osobowe U\u017cytkownika. Potwierdzenie przez U\u017cytkownika \u017c\u0105dania<br \/>jest niezb\u0119dne z uwagi na bezpiecze\u0144stwo danych osobowych U\u017cytkownika oraz<br \/>uzyskanie pewno\u015bci, \u017ce \u017c\u0105danie pochodzi od osoby uprawnionej.<br \/>8. Administrator informuje U\u017cytkownika o podj\u0119tych dzia\u0142aniach, przed up\u0142ywem<br \/>miesi\u0105ca od otrzymania jednego z \u017c\u0105da\u0144 wymienionych w poprzednich punktach.<br \/>VI. OKRES PRZECHOWYWANIA DANYCH OSOBOWYCH<br \/>1. Zasadniczo dane osobowe s\u0105 przechowywane tylko tak d\u0142ugo, jak to jest<br \/>konieczne do wype\u0142nienia zobowi\u0105za\u0144 umownych lub ustawowych, dla kt\u00f3rych<br \/>5\/6<br \/>zosta\u0142y one zgromadzone. Dane te zostan\u0105 usuni\u0119te natychmiast, gdy ich<br \/>przechowywanie nie b\u0119dzie konieczne, w celach dowodowych, zgodnie z prawem<br \/>cywilnym lub w zwi\u0105zku z ustawowym obowi\u0105zkiem przechowywania danych.<br \/>2. Informacje, dotycz\u0105ce umowy, przechowuje si\u0119 w celach dowodowych, przez<br \/>okres trzech lat, pocz\u0105wszy od ko\u0144ca roku, w kt\u00f3rym zako\u0144czono relacje handlowe<br \/>z U\u017cytkownikiem. Usuni\u0119cie danych nast\u0105pi po up\u0142ywie ustawowego terminu<br \/>przedawnienia dochodzenia roszcze\u0144 umownych.<br \/>3. Ponadto, administrator mo\u017ce zachowa\u0107 informacje archiwalne, dotycz\u0105ce<br \/>zawartych transakcji, gdy\u017c ich przechowywanie jest zwi\u0105zane z przys\u0142uguj\u0105cymi<br \/>U\u017cytkownikowi roszczeniami np. z tytu\u0142u r\u0119kojmi.<br \/>4. Je\u015bli \u017cadna umowa nie zosta\u0142a zawarta, mi\u0119dzy U\u017cytkownikiem i W\u0142a\u015bcicielem,<br \/>dane osobowe U\u017cytkownika s\u0105 przechowywane do czasu usuni\u0119cia konta<br \/>U\u017cytkownika na stronie internetowej. Usuni\u0119cie konta mo\u017ce nast\u0105pi\u0107 w wyniku<br \/>wysuni\u0119cia \u017c\u0105dania przez U\u017cytkownika, wycofania zgody na przetwarzanie danych<br \/>osobowych, b\u0105d\u017a te\u017c zg\u0142oszenia sprzeciwu co do przetwarzania tych danych.<br \/>VII. POWIERZENIE PRZETWARZANIA DANYCH INNYM PODMIOTOM<br \/>1. Administrator mo\u017ce powierza\u0107 przetwarzanie danych osobowych podmiotom<br \/>wsp\u00f3\u0142pracuj\u0105cym z administratorem, w zakresie niezb\u0119dnym dla realizacji<br \/>transakcji np. w celu przygotowania zam\u00f3wionego towaru oraz dostarczania<br \/>przesy\u0142ek lub przekazywania informacji handlowych, pochodz\u0105cych od<br \/>administratora (ostatnie dotyczy U\u017cytkownik\u00f3w, kt\u00f3rzy wyrazili zgod\u0119 na<br \/>otrzymywanie informacji handlowych).<br \/>2. Poza celami, wskazanymi w niniejszej Polityce Prywatno\u015bci, dane osobowe<br \/>U\u017cytkownik\u00f3w, nie b\u0119d\u0105 w \u017caden spos\u00f3b udost\u0119pniane osobom trzecim, ani<br \/>przekazywane innym podmiotom, w celu przesy\u0142ania materia\u0142\u00f3w marketingowych<br \/>tych os\u00f3b trzecich.<br \/>3. Dane osobowe U\u017cytkownik\u00f3w strony internetowej nie s\u0105 przekazywane poza<br \/>obszar Unii Europejskiej.<br \/>4. Niniejsza Polityka Prywatno\u015bci jest zgodna z przepisami wynikaj\u0105cymi z art. 13<br \/>ust. 1 i ust. 2 rozporz\u0105dzenia RODO.<\/p>\t\t\t\t\t\t\t\t<\/div>\n\t\t\t\t<\/div>\n\t\t\t\t\t<\/div>\n\t\t\t\t<\/div>\n\t\t\t\t<\/div>","protected":false},"excerpt":{"rendered":"<p>POLITYKA PRYWATNO\u015aCI STRONY INTERNETOWEJ (WWW.MYFOAM.PL) I\/ Dla W\u0142a\u015bciciela niniejszej strony internetowej, ochrona danych osobowych U\u017cytkownik\u00f3w jest spraw\u0105 najwy\u017cszej wagi. Dok\u0142ada on ogrom stara\u0144, aby U\u017cytkownicy czuli si\u0119 bezpiecznie, powierzaj\u0105c swoje dane osobowe w trakcie korzystania ze strony internetowej. II\/ Przetwarzane s\u0105 dane osobowe U\u017cytkownik\u00f3w tylko w zakresie niezb\u0119dnym do zapewnienia funkcjonalnej strony internetowej i us\u0142ug. [&hellip;]<\/p>\n","protected":false},"author":2,"featured_media":0,"parent":0,"menu_order":0,"comment_status":"closed","ping_status":"closed","template":"","meta":{"footnotes":""},"class_list":["post-3040488","page","type-page","status-publish","hentry"],"jetpack_sharing_enabled":true,"_links":{"self":[{"href":"https:\/\/myfoam.pl\/en\/wp-json\/wp\/v2\/pages\/3040488","targetHints":{"allow":["GET"]}}],"collection":[{"href":"https:\/\/myfoam.pl\/en\/wp-json\/wp\/v2\/pages"}],"about":[{"href":"https:\/\/myfoam.pl\/en\/wp-json\/wp\/v2\/types\/page"}],"author":[{"embeddable":true,"href":"https:\/\/myfoam.pl\/en\/wp-json\/wp\/v2\/users\/2"}],"replies":[{"embeddable":true,"href":"https:\/\/myfoam.pl\/en\/wp-json\/wp\/v2\/comments?post=3040488"}],"version-history":[{"count":11,"href":"https:\/\/myfoam.pl\/en\/wp-json\/wp\/v2\/pages\/3040488\/revisions"}],"predecessor-version":[{"id":3041081,"href":"https:\/\/myfoam.pl\/en\/wp-json\/wp\/v2\/pages\/3040488\/revisions\/3041081"}],"wp:attachment":[{"href":"https:\/\/myfoam.pl\/en\/wp-json\/wp\/v2\/media?parent=3040488"}],"curies":[{"name":"wp","href":"https:\/\/api.w.org\/{rel}","templated":true}]}}