{"id":3040455,"date":"2025-04-28T09:33:18","date_gmt":"2025-04-28T09:33:18","guid":{"rendered":"https:\/\/myfoam.pl\/?page_id=3040455"},"modified":"2025-04-28T09:33:20","modified_gmt":"2025-04-28T09:33:20","slug":"dostawa","status":"publish","type":"page","link":"https:\/\/myfoam.pl\/en\/dostawa\/","title":{"rendered":"Dostawa"},"content":{"rendered":"<div data-elementor-type=\"wp-page\" data-elementor-id=\"3040455\" class=\"elementor elementor-3040455\">\n\t\t\t\t<div class=\"elementor-element elementor-element-ee95e44 e-flex e-con-boxed e-con e-parent\" data-id=\"ee95e44\" data-element_type=\"container\">\n\t\t\t\t\t<div class=\"e-con-inner\">\n\t\t\t\t<div class=\"elementor-element elementor-element-23ad7ae elementor-widget elementor-widget-text-editor\" data-id=\"23ad7ae\" data-element_type=\"widget\" data-widget_type=\"text-editor.default\">\n\t\t\t\t<div class=\"elementor-widget-container\">\n\t\t\t\t\t\t\t\t\t<p>W przypadku, gdy przesy\u0142ka z zam\u00f3wionym towarem posiada widoczne uszkodzenia, sporz\u0105d\u017a z przewo\u017anikiem protok\u00f3\u0142 uszkodzenia przesy\u0142ki, by ustali\u0107 przyczyn\u0119 wyst\u0105pienia wady. To dow\u00f3d uprawdopodabniaj\u0105cy powstanie szkody podczas transportu.<\/p><p>Opisz prawid\u0142owo w protokole stan opakowania oraz zamie\u015b\u0107 wszelkie informacje, kt\u00f3re pomog\u0105 wykluczy\u0107 Tw\u00f3j udzia\u0142 w powstaniu wady. Prawid\u0142owe sporz\u0105dzenie w\/w raportu znacznie przyspieszy ustalenie, w kt\u00f3rym momencie powsta\u0142a szkoda.<\/p><p>Masz prawo odm\u00f3wi\u0107 przyj\u0119cia uszkodzonej przesy\u0142ki. W takim wypadku niezw\u0142ocznie powiadom nas o tym fakcie. Pami\u0119taj, \u017ce brak protoko\u0142u szkody transportowej lub b\u0142\u0119dne sporz\u0105dzenie dokumentu (rozbie\u017cne daty, brak informacji co do stanu przesy\u0142ki), mo\u017ce op\u00f3\u017ani\u0107 rozpatrzenie oraz spowodowa\u0107, ryzyko zakupu uszkodzonego towaru i nabycia produktu w takim stanie, w jakim go otrzyma\u0142, bez mo\u017cliwo\u015bci reklamacji.<\/p><p>WSP\u00d3\u0141PRACUJEMY Z NAJLEPSZYMI DOSTAWCAMI!<br \/>Korzystamy z us\u0142ug znanych kurier\u00f3w i firm transportowych. Dok\u0142adamy wszelkich stara\u0144, aby zakupione produkty trafi\u0142y do Ciebie na czas i bez uszkodze\u0144.<\/p><p>Czas realizacji zam\u00f3wienia podany jest podczas sk\u0142adania zam\u00f3wienia.<\/p>\t\t\t\t\t\t\t\t<\/div>\n\t\t\t\t<\/div>\n\t\t\t\t\t<\/div>\n\t\t\t\t<\/div>\n\t\t<div class=\"elementor-element elementor-element-a4fc85a e-flex e-con-boxed e-con e-parent\" data-id=\"a4fc85a\" data-element_type=\"container\">\n\t\t\t\t\t<div class=\"e-con-inner\">\n\t\t\t\t<div class=\"elementor-element elementor-element-d1bb376 elementor-widget elementor-widget-button\" data-id=\"d1bb376\" data-element_type=\"widget\" data-widget_type=\"button.default\">\n\t\t\t\t<div class=\"elementor-widget-container\">\n\t\t\t\t\t\t\t\t\t<div class=\"elementor-button-wrapper\">\n\t\t\t\t\t<a class=\"elementor-button elementor-button-link elementor-size-sm\" href=\"https:\/\/myfoam.pl\/en\/przesylka-jakrozpakowac\/\" id=\"przesy\u0142ka-jak rozpakowa\u0107?\">\n\t\t\t\t\t\t<span class=\"elementor-button-content-wrapper\">\n\t\t\t\t\t\t\t\t\t<span class=\"elementor-button-text\">Kliknij tutaj<\/span>\n\t\t\t\t\t<\/span>\n\t\t\t\t\t<\/a>\n\t\t\t\t<\/div>\n\t\t\t\t\t\t\t\t<\/div>\n\t\t\t\t<\/div>\n\t\t\t\t\t<\/div>\n\t\t\t\t<\/div>\n\t\t<div class=\"elementor-element elementor-element-adc38de e-grid e-con-boxed e-con e-parent\" data-id=\"adc38de\" data-element_type=\"container\">\n\t\t\t\t\t<div class=\"e-con-inner\">\n\t\t\t\t<div class=\"elementor-element elementor-element-c1a5418 elementor-widget elementor-widget-image\" data-id=\"c1a5418\" data-element_type=\"widget\" data-widget_type=\"image.default\">\n\t\t\t\t<div class=\"elementor-widget-container\">\n\t\t\t\t\t\t\t\t\t\t\t\t\t\t\t<img fetchpriority=\"high\" decoding=\"async\" width=\"1024\" height=\"634\" src=\"https:\/\/myfoam.pl\/wp-content\/uploads\/2025\/04\/Sofka_spakowana1_low_ress-1024x634.jpg\" class=\"attachment-large size-large wp-image-3040695\" alt=\"\" \/>\t\t\t\t\t\t\t\t\t\t\t\t\t\t\t<\/div>\n\t\t\t\t<\/div>\n\t\t\t\t<div class=\"elementor-element elementor-element-5281add elementor-widget elementor-widget-image\" data-id=\"5281add\" data-element_type=\"widget\" data-widget_type=\"image.default\">\n\t\t\t\t<div class=\"elementor-widget-container\">\n\t\t\t\t\t\t\t\t\t\t\t\t\t\t\t<img decoding=\"async\" width=\"1024\" height=\"682\" src=\"https:\/\/myfoam.pl\/wp-content\/uploads\/2025\/04\/Sofka_spakowana2-1024x682.jpg\" class=\"attachment-large size-large wp-image-3040696\" alt=\"\" \/>\t\t\t\t\t\t\t\t\t\t\t\t\t\t\t<\/div>\n\t\t\t\t<\/div>\n\t\t\t\t\t<\/div>\n\t\t\t\t<\/div>\n\t\t<div class=\"elementor-element elementor-element-88018d0 e-flex e-con-boxed e-con e-parent\" data-id=\"88018d0\" data-element_type=\"container\">\n\t\t\t\t\t<div class=\"e-con-inner\">\n\t\t\t\t\t<\/div>\n\t\t\t\t<\/div>\n\t\t\t\t<\/div>","protected":false},"excerpt":{"rendered":"<p>W przypadku, gdy przesy\u0142ka z zam\u00f3wionym towarem posiada widoczne uszkodzenia, sporz\u0105d\u017a z przewo\u017anikiem protok\u00f3\u0142 uszkodzenia przesy\u0142ki, by ustali\u0107 przyczyn\u0119 wyst\u0105pienia wady. To dow\u00f3d uprawdopodabniaj\u0105cy powstanie szkody podczas transportu. Opisz prawid\u0142owo w protokole stan opakowania oraz zamie\u015b\u0107 wszelkie informacje, kt\u00f3re pomog\u0105 wykluczy\u0107 Tw\u00f3j udzia\u0142 w powstaniu wady. Prawid\u0142owe sporz\u0105dzenie w\/w raportu znacznie przyspieszy ustalenie, w kt\u00f3rym [&hellip;]<\/p>\n","protected":false},"author":2,"featured_media":800104,"parent":0,"menu_order":0,"comment_status":"closed","ping_status":"closed","template":"","meta":{"footnotes":""},"class_list":["post-3040455","page","type-page","status-publish","has-post-thumbnail","hentry"],"jetpack_sharing_enabled":true,"_links":{"self":[{"href":"https:\/\/myfoam.pl\/en\/wp-json\/wp\/v2\/pages\/3040455","targetHints":{"allow":["GET"]}}],"collection":[{"href":"https:\/\/myfoam.pl\/en\/wp-json\/wp\/v2\/pages"}],"about":[{"href":"https:\/\/myfoam.pl\/en\/wp-json\/wp\/v2\/types\/page"}],"author":[{"embeddable":true,"href":"https:\/\/myfoam.pl\/en\/wp-json\/wp\/v2\/users\/2"}],"replies":[{"embeddable":true,"href":"https:\/\/myfoam.pl\/en\/wp-json\/wp\/v2\/comments?post=3040455"}],"version-history":[{"count":16,"href":"https:\/\/myfoam.pl\/en\/wp-json\/wp\/v2\/pages\/3040455\/revisions"}],"predecessor-version":[{"id":3040962,"href":"https:\/\/myfoam.pl\/en\/wp-json\/wp\/v2\/pages\/3040455\/revisions\/3040962"}],"wp:featuredmedia":[{"embeddable":true,"href":"https:\/\/myfoam.pl\/en\/wp-json\/wp\/v2\/media\/800104"}],"wp:attachment":[{"href":"https:\/\/myfoam.pl\/en\/wp-json\/wp\/v2\/media?parent=3040455"}],"curies":[{"name":"wp","href":"https:\/\/api.w.org\/{rel}","templated":true}]}}